{"id":23036,"date":"2020-12-20T06:15:33","date_gmt":"2020-12-20T11:15:33","guid":{"rendered":"https:\/\/lavendi.xyz\/zazil\/producto\/inframundo-maya\/"},"modified":"2025-08-25T17:54:11","modified_gmt":"2025-08-25T23:54:11","slug":"inframundo-maya","status":"publish","type":"product","link":"https:\/\/lavendi.xyz\/zazil\/reservaciones\/inframundo-maya\/","title":{"rendered":"Inframundo maya"},"content":{"rendered":"<p><span style=\"font-weight: 400;\">La experiencia al Inframundo Maya es un recorrido guiado personalizado que incluye gratis de mi\u00e9rcoles-domingo la Ceremonia Maya.<\/span><\/p>\n<p><span style=\"font-weight: 400;\">\u00a0En esta experiencia podr\u00e1s disfrutar de un recorrido guiado por un lugar lleno de historia, donde ocurrieron grandes acontecimientos de la cultura maya donde las piedras cuentan su historia, conocer\u00e1s parte de la Mitolog\u00eda Maya a trav\u00e9s de la Leyenda de Xibalb\u00e1 y sus 9 niveles al Inframundo Maya en compa\u00f1\u00eda de nuestro gu\u00eda, en el nivel 7, ser\u00e1s parte de una Ceremonia Maya de Purificaci\u00f3n con un Xaman de la regi\u00f3n, para despu\u00e9s bajar octavo y noveno nivel del Inframundo Maya, en el que, ya con un cuerpo purificado, podr\u00e1s sumergirte en aguas cristalinas de un cenote sagrado.<\/span><\/p>\n<p><span style=\"font-weight: 400;\">En el recorrido al inframundo maya vivir\u00e1s:<\/span><\/p>\n<ul>\n<li style=\"font-weight: 400;\"><span style=\"font-weight: 400;\">Recorrido guiado con un grupo limitado a 20 personas\u00a0<\/span><\/li>\n<li style=\"font-weight: 400;\"><span style=\"font-weight: 400;\">Ceremonia maya. (No disponible ahora).<\/span><\/li>\n<li style=\"font-weight: 400;\"><span style=\"font-weight: 400;\">Nado en cenote<\/span><\/li>\n<li>Si se requiere transportaci\u00f3n, la salida es desde la ciudad de Valladolid<\/li>\n<\/ul>\n","protected":false},"excerpt":{"rendered":"<p>Recorrido todos los d\u00edas en los horarios:\u00a0 <b>15:00 hr, 17:00 hr y 19:00 hr.<br \/>\n<\/b><br \/>\nRecorrido SIN COMIDA.<\/p>\n<p>Para vivir la Experiencia los EXPLORADORES deben realizar su reservaci\u00f3n, cada recorrido es de grupos m\u00e1ximos de 20 personas, que permitir\u00e1 vivir y disfrutar el recorrido, as\u00ed como nadar en nuestro Cenote de aguas poco profundas, en un ambiente de exclusividad.<\/p>\n<p><b>TIPS:<\/b><br \/>\n-Zapatos o sandalias para agua<br \/>\n-Toallas<br \/>\n-Repelente y bloqueador Biodegradable<br \/>\n\u2013 No se permite introducir: Alimentos y Bebidas<\/p>\n<p>&#8211; Si se requiere transportaci\u00f3n, la salida es desde la ciudad de Valladolid<\/p>\n","protected":false},"featured_media":23037,"comment_status":"closed","ping_status":"closed","template":"","meta":{"_kad_blocks_custom_css":"","_kad_blocks_head_custom_js":"","_kad_blocks_body_custom_js":"","_kad_blocks_footer_custom_js":"","_joinchat":[]},"product_brand":[],"product_cat":[26],"product_tag":[],"class_list":{"0":"post-23036","1":"product","2":"type-product","3":"status-publish","4":"has-post-thumbnail","6":"product_cat-experiencias","8":"first","9":"instock","10":"virtual","11":"sold-individually","12":"taxable","13":"purchasable","14":"product-type-booking"},"yoast_head":"<!-- This site is optimized with the Yoast SEO Premium plugin v22.8 (Yoast SEO v25.6) - https:\/\/yoast.com\/wordpress\/plugins\/seo\/ -->\n<title>Inframundo maya - Zazil Tunich - Cenote mas Premiado de Yucat\u00e1n<\/title>\n<meta name=\"robots\" content=\"index, follow, max-snippet:-1, max-image-preview:large, max-video-preview:-1\" \/>\n<link rel=\"canonical\" href=\"https:\/\/lavendi.xyz\/zazil\/reservaciones\/inframundo-maya\/\" \/>\n<meta property=\"og:locale\" content=\"es_MX\" \/>\n<meta property=\"og:type\" content=\"article\" \/>\n<meta property=\"og:title\" content=\"Inframundo maya\" \/>\n<meta property=\"og:description\" content=\"Recorrido todos los d\u00edas en los horarios:\u00a0 15:00 hr, 17:00 hr y 19:00 hr.  Recorrido SIN COMIDA.  Para vivir la Experiencia los EXPLORADORES deben realizar su reservaci\u00f3n, cada recorrido es de grupos m\u00e1ximos de 20 personas, que permitir\u00e1 vivir y disfrutar el recorrido, as\u00ed como nadar en nuestro Cenote de aguas poco profundas, en un ambiente de exclusividad.  TIPS: -Zapatos o sandalias para agua -Toallas -Repelente y bloqueador Biodegradable \u2013 No se permite introducir: Alimentos y Bebidas  - Si se requiere transportaci\u00f3n, la salida es desde la ciudad de Valladolid\" \/>\n<meta property=\"og:url\" content=\"https:\/\/lavendi.xyz\/zazil\/reservaciones\/inframundo-maya\/\" \/>\n<meta property=\"og:site_name\" content=\"Zazil Tunich - Cenote mas Premiado de Yucat\u00e1n\" \/>\n<meta property=\"article:modified_time\" content=\"2025-08-25T23:54:11+00:00\" \/>\n<meta property=\"og:image\" content=\"https:\/\/lavendi.xyz\/zazil\/wp-content\/uploads\/2024\/10\/Captura-de-pantalla-2024-01-16-a-las-13.19.13.png\" \/>\n\t<meta property=\"og:image:width\" content=\"1800\" \/>\n\t<meta property=\"og:image:height\" content=\"1800\" \/>\n\t<meta property=\"og:image:type\" content=\"image\/png\" \/>\n<meta name=\"twitter:card\" content=\"summary_large_image\" \/>\n<meta name=\"twitter:label1\" content=\"Tiempo de lectura\" \/>\n\t<meta name=\"twitter:data1\" content=\"1 minuto\" \/>\n<script type=\"application\/ld+json\" class=\"yoast-schema-graph\">{\"@context\":\"https:\/\/schema.org\",\"@graph\":[{\"@type\":\"WebPage\",\"@id\":\"https:\/\/lavendi.xyz\/zazil\/reservaciones\/inframundo-maya\/\",\"url\":\"https:\/\/lavendi.xyz\/zazil\/reservaciones\/inframundo-maya\/\",\"name\":\"Inframundo maya - Zazil Tunich - Cenote mas Premiado de Yucat\u00e1n\",\"isPartOf\":{\"@id\":\"https:\/\/lavendi.xyz\/zazil\/#website\"},\"primaryImageOfPage\":{\"@id\":\"https:\/\/lavendi.xyz\/zazil\/reservaciones\/inframundo-maya\/#primaryimage\"},\"image\":{\"@id\":\"https:\/\/lavendi.xyz\/zazil\/reservaciones\/inframundo-maya\/#primaryimage\"},\"thumbnailUrl\":\"https:\/\/lavendi.xyz\/zazil\/wp-content\/uploads\/2024\/10\/Captura-de-pantalla-2024-01-16-a-las-13.19.13.png\",\"datePublished\":\"2020-12-20T11:15:33+00:00\",\"dateModified\":\"2025-08-25T23:54:11+00:00\",\"breadcrumb\":{\"@id\":\"https:\/\/lavendi.xyz\/zazil\/reservaciones\/inframundo-maya\/#breadcrumb\"},\"inLanguage\":\"es\",\"potentialAction\":[{\"@type\":\"ReadAction\",\"target\":[\"https:\/\/lavendi.xyz\/zazil\/reservaciones\/inframundo-maya\/\"]}]},{\"@type\":\"ImageObject\",\"inLanguage\":\"es\",\"@id\":\"https:\/\/lavendi.xyz\/zazil\/reservaciones\/inframundo-maya\/#primaryimage\",\"url\":\"https:\/\/lavendi.xyz\/zazil\/wp-content\/uploads\/2024\/10\/Captura-de-pantalla-2024-01-16-a-las-13.19.13.png\",\"contentUrl\":\"https:\/\/lavendi.xyz\/zazil\/wp-content\/uploads\/2024\/10\/Captura-de-pantalla-2024-01-16-a-las-13.19.13.png\",\"width\":1800,\"height\":1800,\"caption\":\"Recorrido Inframundo maya\"},{\"@type\":\"BreadcrumbList\",\"@id\":\"https:\/\/lavendi.xyz\/zazil\/reservaciones\/inframundo-maya\/#breadcrumb\",\"itemListElement\":[{\"@type\":\"ListItem\",\"position\":1,\"name\":\"Inicio\",\"item\":\"https:\/\/lavendi.xyz\/zazil\/\"},{\"@type\":\"ListItem\",\"position\":2,\"name\":\"Reservaciones\",\"item\":\"https:\/\/lavendi.xyz\/zazil\/reservaciones\/\"},{\"@type\":\"ListItem\",\"position\":3,\"name\":\"Inframundo maya\"}]},{\"@type\":\"WebSite\",\"@id\":\"https:\/\/lavendi.xyz\/zazil\/#website\",\"url\":\"https:\/\/lavendi.xyz\/zazil\/\",\"name\":\"Zazil Tunich - Cenote mas Premiado de Yucat\u00e1n\",\"description\":\"Cenote en Valladolid, Zazil Tunich el \u00fanico Cenote Museo de M\u00e9xico y m\u00e1s premiado de Yucat\u00e1n, donde conocer\u00e1s la estalactita mas grande de Yucatan, una experiencia \u00fanica sin turismo masivo.\",\"publisher\":{\"@id\":\"https:\/\/lavendi.xyz\/zazil\/#organization\"},\"potentialAction\":[{\"@type\":\"SearchAction\",\"target\":{\"@type\":\"EntryPoint\",\"urlTemplate\":\"https:\/\/lavendi.xyz\/zazil\/?s={search_term_string}\"},\"query-input\":{\"@type\":\"PropertyValueSpecification\",\"valueRequired\":true,\"valueName\":\"search_term_string\"}}],\"inLanguage\":\"es\"},{\"@type\":\"Organization\",\"@id\":\"https:\/\/lavendi.xyz\/zazil\/#organization\",\"name\":\"Zazil Tunich - Cenote mas Premiado de Yucat\u00e1n\",\"url\":\"https:\/\/lavendi.xyz\/zazil\/\",\"logo\":{\"@type\":\"ImageObject\",\"inLanguage\":\"es\",\"@id\":\"https:\/\/lavendi.xyz\/zazil\/#\/schema\/logo\/image\/\",\"url\":\"https:\/\/lavendi.xyz\/zazil\/wp-content\/uploads\/2024\/10\/2.png\",\"contentUrl\":\"https:\/\/lavendi.xyz\/zazil\/wp-content\/uploads\/2024\/10\/2.png\",\"width\":4000,\"height\":4000,\"caption\":\"Zazil Tunich - Cenote mas Premiado de Yucat\u00e1n\"},\"image\":{\"@id\":\"https:\/\/lavendi.xyz\/zazil\/#\/schema\/logo\/image\/\"}}]}<\/script>\n<!-- \/ Yoast SEO Premium plugin. -->","yoast_head_json":{"title":"Inframundo maya - Zazil Tunich - Cenote mas Premiado de Yucat\u00e1n","robots":{"index":"index","follow":"follow","max-snippet":"max-snippet:-1","max-image-preview":"max-image-preview:large","max-video-preview":"max-video-preview:-1"},"canonical":"https:\/\/lavendi.xyz\/zazil\/reservaciones\/inframundo-maya\/","og_locale":"es_MX","og_type":"article","og_title":"Inframundo maya","og_description":"Recorrido todos los d\u00edas en los horarios:\u00a0 15:00 hr, 17:00 hr y 19:00 hr.  Recorrido SIN COMIDA.  Para vivir la Experiencia los EXPLORADORES deben realizar su reservaci\u00f3n, cada recorrido es de grupos m\u00e1ximos de 20 personas, que permitir\u00e1 vivir y disfrutar el recorrido, as\u00ed como nadar en nuestro Cenote de aguas poco profundas, en un ambiente de exclusividad.  TIPS: -Zapatos o sandalias para agua -Toallas -Repelente y bloqueador Biodegradable \u2013 No se permite introducir: Alimentos y Bebidas  - Si se requiere transportaci\u00f3n, la salida es desde la ciudad de Valladolid","og_url":"https:\/\/lavendi.xyz\/zazil\/reservaciones\/inframundo-maya\/","og_site_name":"Zazil Tunich - Cenote mas Premiado de Yucat\u00e1n","article_modified_time":"2025-08-25T23:54:11+00:00","og_image":[{"width":1800,"height":1800,"url":"https:\/\/lavendi.xyz\/zazil\/wp-content\/uploads\/2024\/10\/Captura-de-pantalla-2024-01-16-a-las-13.19.13.png","type":"image\/png"}],"twitter_card":"summary_large_image","twitter_misc":{"Tiempo de lectura":"1 minuto"},"schema":{"@context":"https:\/\/schema.org","@graph":[{"@type":"WebPage","@id":"https:\/\/lavendi.xyz\/zazil\/reservaciones\/inframundo-maya\/","url":"https:\/\/lavendi.xyz\/zazil\/reservaciones\/inframundo-maya\/","name":"Inframundo maya - Zazil Tunich - Cenote mas Premiado de Yucat\u00e1n","isPartOf":{"@id":"https:\/\/lavendi.xyz\/zazil\/#website"},"primaryImageOfPage":{"@id":"https:\/\/lavendi.xyz\/zazil\/reservaciones\/inframundo-maya\/#primaryimage"},"image":{"@id":"https:\/\/lavendi.xyz\/zazil\/reservaciones\/inframundo-maya\/#primaryimage"},"thumbnailUrl":"https:\/\/lavendi.xyz\/zazil\/wp-content\/uploads\/2024\/10\/Captura-de-pantalla-2024-01-16-a-las-13.19.13.png","datePublished":"2020-12-20T11:15:33+00:00","dateModified":"2025-08-25T23:54:11+00:00","breadcrumb":{"@id":"https:\/\/lavendi.xyz\/zazil\/reservaciones\/inframundo-maya\/#breadcrumb"},"inLanguage":"es","potentialAction":[{"@type":"ReadAction","target":["https:\/\/lavendi.xyz\/zazil\/reservaciones\/inframundo-maya\/"]}]},{"@type":"ImageObject","inLanguage":"es","@id":"https:\/\/lavendi.xyz\/zazil\/reservaciones\/inframundo-maya\/#primaryimage","url":"https:\/\/lavendi.xyz\/zazil\/wp-content\/uploads\/2024\/10\/Captura-de-pantalla-2024-01-16-a-las-13.19.13.png","contentUrl":"https:\/\/lavendi.xyz\/zazil\/wp-content\/uploads\/2024\/10\/Captura-de-pantalla-2024-01-16-a-las-13.19.13.png","width":1800,"height":1800,"caption":"Recorrido Inframundo maya"},{"@type":"BreadcrumbList","@id":"https:\/\/lavendi.xyz\/zazil\/reservaciones\/inframundo-maya\/#breadcrumb","itemListElement":[{"@type":"ListItem","position":1,"name":"Inicio","item":"https:\/\/lavendi.xyz\/zazil\/"},{"@type":"ListItem","position":2,"name":"Reservaciones","item":"https:\/\/lavendi.xyz\/zazil\/reservaciones\/"},{"@type":"ListItem","position":3,"name":"Inframundo maya"}]},{"@type":"WebSite","@id":"https:\/\/lavendi.xyz\/zazil\/#website","url":"https:\/\/lavendi.xyz\/zazil\/","name":"Zazil Tunich - Cenote mas Premiado de Yucat\u00e1n","description":"Cenote en Valladolid, Zazil Tunich el \u00fanico Cenote Museo de M\u00e9xico y m\u00e1s premiado de Yucat\u00e1n, donde conocer\u00e1s la estalactita mas grande de Yucatan, una experiencia \u00fanica sin turismo masivo.","publisher":{"@id":"https:\/\/lavendi.xyz\/zazil\/#organization"},"potentialAction":[{"@type":"SearchAction","target":{"@type":"EntryPoint","urlTemplate":"https:\/\/lavendi.xyz\/zazil\/?s={search_term_string}"},"query-input":{"@type":"PropertyValueSpecification","valueRequired":true,"valueName":"search_term_string"}}],"inLanguage":"es"},{"@type":"Organization","@id":"https:\/\/lavendi.xyz\/zazil\/#organization","name":"Zazil Tunich - Cenote mas Premiado de Yucat\u00e1n","url":"https:\/\/lavendi.xyz\/zazil\/","logo":{"@type":"ImageObject","inLanguage":"es","@id":"https:\/\/lavendi.xyz\/zazil\/#\/schema\/logo\/image\/","url":"https:\/\/lavendi.xyz\/zazil\/wp-content\/uploads\/2024\/10\/2.png","contentUrl":"https:\/\/lavendi.xyz\/zazil\/wp-content\/uploads\/2024\/10\/2.png","width":4000,"height":4000,"caption":"Zazil Tunich - Cenote mas Premiado de Yucat\u00e1n"},"image":{"@id":"https:\/\/lavendi.xyz\/zazil\/#\/schema\/logo\/image\/"}}]}},"taxonomy_info":{"product_cat":[{"value":26,"label":"Experiencias"}]},"featured_image_src_large":["https:\/\/lavendi.xyz\/zazil\/wp-content\/uploads\/2024\/10\/Captura-de-pantalla-2024-01-16-a-las-13.19.13-1024x1024.png",800,800,true],"author_info":[],"comment_info":0,"_links":{"self":[{"href":"https:\/\/lavendi.xyz\/zazil\/wp-json\/wp\/v2\/product\/23036"}],"collection":[{"href":"https:\/\/lavendi.xyz\/zazil\/wp-json\/wp\/v2\/product"}],"about":[{"href":"https:\/\/lavendi.xyz\/zazil\/wp-json\/wp\/v2\/types\/product"}],"replies":[{"embeddable":true,"href":"https:\/\/lavendi.xyz\/zazil\/wp-json\/wp\/v2\/comments?post=23036"}],"wp:featuredmedia":[{"embeddable":true,"href":"https:\/\/lavendi.xyz\/zazil\/wp-json\/wp\/v2\/media\/23037"}],"wp:attachment":[{"href":"https:\/\/lavendi.xyz\/zazil\/wp-json\/wp\/v2\/media?parent=23036"}],"wp:term":[{"taxonomy":"product_brand","embeddable":true,"href":"https:\/\/lavendi.xyz\/zazil\/wp-json\/wp\/v2\/product_brand?post=23036"},{"taxonomy":"product_cat","embeddable":true,"href":"https:\/\/lavendi.xyz\/zazil\/wp-json\/wp\/v2\/product_cat?post=23036"},{"taxonomy":"product_tag","embeddable":true,"href":"https:\/\/lavendi.xyz\/zazil\/wp-json\/wp\/v2\/product_tag?post=23036"}],"curies":[{"name":"wp","href":"https:\/\/api.w.org\/{rel}","templated":true}]}}