{"id":23055,"date":"2020-12-20T06:15:34","date_gmt":"2020-12-20T11:15:34","guid":{"rendered":"https:\/\/lavendi.xyz\/zazil\/producto\/noche-maya-en-xibalba\/"},"modified":"2025-08-04T20:12:09","modified_gmt":"2025-08-05T02:12:09","slug":"noche-maya-en-xibalba","status":"publish","type":"product","link":"https:\/\/lavendi.xyz\/zazil\/reservaciones\/noche-maya-en-xibalba\/","title":{"rendered":"Caba\u00f1a Maya en Xibalb\u00e1"},"content":{"rendered":"<p><span style=\"font-weight: 400;\">Disfrutar\u00e1s de una noche en la selva maya dentro de una de nuestras caba\u00f1as t\u00edpicas de la regi\u00f3n para poder descansar en una cama en el aire, cada una de nuestras caba\u00f1as personalizadas con murales pintados por artistas de la regi\u00f3n, inspirados en las aves que observaras al despertar en este m\u00edstico lugar.<\/span><\/p>\n<p><span style=\"font-weight: 400;\">Al despertar en Xibalba podr\u00e1s:<\/span><\/p>\n<ul>\n<li style=\"font-weight: 400;\"><span style=\"font-weight: 400;\">Acceso para hu\u00e9spedes al cenote \u00a0de 9am a 11 am.<\/span><\/li>\n<li style=\"font-weight: 400;\"><span style=\"font-weight: 400;\">Si desea agregar el desayuno, la cocina esta disponible de 9:00am a 11:00a.m. para los huespedes.<\/span><\/li>\n<li style=\"font-weight: 400;\"><span style=\"font-weight: 400;\">Ubicaci\u00f3n geogr\u00e1fica estrat\u00e9gica para poder visitar al d\u00eda siguiente las zonas arqueol\u00f3gicas m\u00e1s importantes de la pen\u00ednsula como lo son Chichen Itz\u00e1, Ek Balam, Tulum y Cob\u00e1.\u00a0<\/span><\/li>\n<li style=\"font-weight: 400;\"><span style=\"font-weight: 400;\">Contacto con la naturaleza<\/span><\/li>\n<\/ul>\n<p><span style=\"font-weight: 400;\">Para un mayor contacto con la naturaleza en el \u00e1rea de caba\u00f1as no contamos con se\u00f1al ni internet, solo en puntos de reuni\u00f3n.<\/span><\/p>\n","protected":false},"excerpt":{"rendered":"<h3><span style=\"color: #333333;\"><strong>Incluye:<\/strong><\/span><\/h3>\n<ul>\n<li><span style=\"font-weight: 400; color: #333333;\">Hospedaje en la aldea maya 1 noche (Check in 15:00 hrs, Check out 11:00 hr)<\/span><\/li>\n<li><span style=\"color: #333333;\">Acceso al cenote por la ma\u00f1ana (9am a 11am)<\/span><\/li>\n<\/ul>\n<p><span style=\"color: #333333;\"><strong>Se recomienda agregar a su hospedaje:<\/strong><\/span><\/p>\n<ul>\n<li><span style=\"font-weight: 400; color: #333333;\">Cena Rom\u00e1ntica Dzul de 3 tiempos en caverna.<\/span>\n<ol>\n<li><span style=\"font-weight: 400; color: #333333;\">Entrada.<\/span><\/li>\n<li><span style=\"font-weight: 400; color: #333333;\">Plato fuerte de salm\u00f3n pibil.<\/span><\/li>\n<li><span style=\"font-weight: 400; color: #333333;\">Postre.<\/span><\/li>\n<\/ol>\n<\/li>\n<\/ul>\n","protected":false},"featured_media":23056,"comment_status":"closed","ping_status":"closed","template":"","meta":{"_kad_blocks_custom_css":"","_kad_blocks_head_custom_js":"","_kad_blocks_body_custom_js":"","_kad_blocks_footer_custom_js":"","_joinchat":[]},"product_brand":[],"product_cat":[138],"product_tag":[],"class_list":{"0":"post-23055","1":"product","2":"type-product","3":"status-publish","4":"has-post-thumbnail","6":"product_cat-hospedaje","8":"first","9":"instock","10":"virtual","11":"sold-individually","12":"taxable","13":"purchasable","14":"product-type-booking"},"yoast_head":"<!-- This site is optimized with the Yoast SEO Premium plugin v22.8 (Yoast SEO v25.6) - https:\/\/yoast.com\/wordpress\/plugins\/seo\/ -->\n<title>Caba\u00f1a Maya en Xibalb\u00e1 - Zazil Tunich - Cenote mas Premiado de Yucat\u00e1n<\/title>\n<meta name=\"robots\" content=\"index, follow, max-snippet:-1, max-image-preview:large, max-video-preview:-1\" \/>\n<link rel=\"canonical\" href=\"https:\/\/lavendi.xyz\/zazil\/reservaciones\/noche-maya-en-xibalba\/\" \/>\n<meta property=\"og:locale\" content=\"es_MX\" \/>\n<meta property=\"og:type\" content=\"article\" \/>\n<meta property=\"og:title\" content=\"Caba\u00f1a Maya en Xibalb\u00e1\" \/>\n<meta property=\"og:description\" content=\"Incluye:   Hospedaje en la aldea maya 1 noche (Check in 15:00 hrs, Check out 11:00 hr)  Acceso al cenote por la ma\u00f1ana (9am a 11am)  Se recomienda agregar a su hospedaje:   Cena Rom\u00e1ntica Dzul de 3 tiempos en caverna.   Entrada.  Plato fuerte de salm\u00f3n pibil.  Postre.\" \/>\n<meta property=\"og:url\" content=\"https:\/\/lavendi.xyz\/zazil\/reservaciones\/noche-maya-en-xibalba\/\" \/>\n<meta property=\"og:site_name\" content=\"Zazil Tunich - Cenote mas Premiado de Yucat\u00e1n\" \/>\n<meta property=\"article:modified_time\" content=\"2025-08-05T02:12:09+00:00\" \/>\n<meta property=\"og:image\" content=\"https:\/\/lavendi.xyz\/zazil\/wp-content\/uploads\/2024\/10\/pavo-real-cama-lista-1.webp\" \/>\n\t<meta property=\"og:image:width\" content=\"800\" \/>\n\t<meta property=\"og:image:height\" content=\"800\" \/>\n\t<meta property=\"og:image:type\" content=\"image\/webp\" \/>\n<meta name=\"twitter:card\" content=\"summary_large_image\" \/>\n<meta name=\"twitter:label1\" content=\"Tiempo de lectura\" \/>\n\t<meta name=\"twitter:data1\" content=\"1 minuto\" \/>\n<script type=\"application\/ld+json\" class=\"yoast-schema-graph\">{\"@context\":\"https:\/\/schema.org\",\"@graph\":[{\"@type\":\"WebPage\",\"@id\":\"https:\/\/lavendi.xyz\/zazil\/reservaciones\/noche-maya-en-xibalba\/\",\"url\":\"https:\/\/lavendi.xyz\/zazil\/reservaciones\/noche-maya-en-xibalba\/\",\"name\":\"Caba\u00f1a Maya en Xibalb\u00e1 - Zazil Tunich - Cenote mas Premiado de Yucat\u00e1n\",\"isPartOf\":{\"@id\":\"https:\/\/lavendi.xyz\/zazil\/#website\"},\"primaryImageOfPage\":{\"@id\":\"https:\/\/lavendi.xyz\/zazil\/reservaciones\/noche-maya-en-xibalba\/#primaryimage\"},\"image\":{\"@id\":\"https:\/\/lavendi.xyz\/zazil\/reservaciones\/noche-maya-en-xibalba\/#primaryimage\"},\"thumbnailUrl\":\"https:\/\/lavendi.xyz\/zazil\/wp-content\/uploads\/2024\/10\/pavo-real-cama-lista-1.webp\",\"datePublished\":\"2020-12-20T11:15:34+00:00\",\"dateModified\":\"2025-08-05T02:12:09+00:00\",\"breadcrumb\":{\"@id\":\"https:\/\/lavendi.xyz\/zazil\/reservaciones\/noche-maya-en-xibalba\/#breadcrumb\"},\"inLanguage\":\"es\",\"potentialAction\":[{\"@type\":\"ReadAction\",\"target\":[\"https:\/\/lavendi.xyz\/zazil\/reservaciones\/noche-maya-en-xibalba\/\"]}]},{\"@type\":\"ImageObject\",\"inLanguage\":\"es\",\"@id\":\"https:\/\/lavendi.xyz\/zazil\/reservaciones\/noche-maya-en-xibalba\/#primaryimage\",\"url\":\"https:\/\/lavendi.xyz\/zazil\/wp-content\/uploads\/2024\/10\/pavo-real-cama-lista-1.webp\",\"contentUrl\":\"https:\/\/lavendi.xyz\/zazil\/wp-content\/uploads\/2024\/10\/pavo-real-cama-lista-1.webp\",\"width\":800,\"height\":800,\"caption\":\"Caba\u00f1a Maya en Xibalb\u00e1\"},{\"@type\":\"BreadcrumbList\",\"@id\":\"https:\/\/lavendi.xyz\/zazil\/reservaciones\/noche-maya-en-xibalba\/#breadcrumb\",\"itemListElement\":[{\"@type\":\"ListItem\",\"position\":1,\"name\":\"Inicio\",\"item\":\"https:\/\/lavendi.xyz\/zazil\/\"},{\"@type\":\"ListItem\",\"position\":2,\"name\":\"Reservaciones\",\"item\":\"https:\/\/lavendi.xyz\/zazil\/reservaciones\/\"},{\"@type\":\"ListItem\",\"position\":3,\"name\":\"Caba\u00f1a Maya en Xibalb\u00e1\"}]},{\"@type\":\"WebSite\",\"@id\":\"https:\/\/lavendi.xyz\/zazil\/#website\",\"url\":\"https:\/\/lavendi.xyz\/zazil\/\",\"name\":\"Zazil Tunich - Cenote mas Premiado de Yucat\u00e1n\",\"description\":\"Cenote en Valladolid, Zazil Tunich el \u00fanico Cenote Museo de M\u00e9xico y m\u00e1s premiado de Yucat\u00e1n, donde conocer\u00e1s la estalactita mas grande de Yucatan, una experiencia \u00fanica sin turismo masivo.\",\"publisher\":{\"@id\":\"https:\/\/lavendi.xyz\/zazil\/#organization\"},\"potentialAction\":[{\"@type\":\"SearchAction\",\"target\":{\"@type\":\"EntryPoint\",\"urlTemplate\":\"https:\/\/lavendi.xyz\/zazil\/?s={search_term_string}\"},\"query-input\":{\"@type\":\"PropertyValueSpecification\",\"valueRequired\":true,\"valueName\":\"search_term_string\"}}],\"inLanguage\":\"es\"},{\"@type\":\"Organization\",\"@id\":\"https:\/\/lavendi.xyz\/zazil\/#organization\",\"name\":\"Zazil Tunich - Cenote mas Premiado de Yucat\u00e1n\",\"url\":\"https:\/\/lavendi.xyz\/zazil\/\",\"logo\":{\"@type\":\"ImageObject\",\"inLanguage\":\"es\",\"@id\":\"https:\/\/lavendi.xyz\/zazil\/#\/schema\/logo\/image\/\",\"url\":\"https:\/\/lavendi.xyz\/zazil\/wp-content\/uploads\/2024\/10\/2.png\",\"contentUrl\":\"https:\/\/lavendi.xyz\/zazil\/wp-content\/uploads\/2024\/10\/2.png\",\"width\":4000,\"height\":4000,\"caption\":\"Zazil Tunich - Cenote mas Premiado de Yucat\u00e1n\"},\"image\":{\"@id\":\"https:\/\/lavendi.xyz\/zazil\/#\/schema\/logo\/image\/\"}}]}<\/script>\n<!-- \/ Yoast SEO Premium plugin. -->","yoast_head_json":{"title":"Caba\u00f1a Maya en Xibalb\u00e1 - Zazil Tunich - Cenote mas Premiado de Yucat\u00e1n","robots":{"index":"index","follow":"follow","max-snippet":"max-snippet:-1","max-image-preview":"max-image-preview:large","max-video-preview":"max-video-preview:-1"},"canonical":"https:\/\/lavendi.xyz\/zazil\/reservaciones\/noche-maya-en-xibalba\/","og_locale":"es_MX","og_type":"article","og_title":"Caba\u00f1a Maya en Xibalb\u00e1","og_description":"Incluye:   Hospedaje en la aldea maya 1 noche (Check in 15:00 hrs, Check out 11:00 hr)  Acceso al cenote por la ma\u00f1ana (9am a 11am)  Se recomienda agregar a su hospedaje:   Cena Rom\u00e1ntica Dzul de 3 tiempos en caverna.   Entrada.  Plato fuerte de salm\u00f3n pibil.  Postre.","og_url":"https:\/\/lavendi.xyz\/zazil\/reservaciones\/noche-maya-en-xibalba\/","og_site_name":"Zazil Tunich - Cenote mas Premiado de Yucat\u00e1n","article_modified_time":"2025-08-05T02:12:09+00:00","og_image":[{"width":800,"height":800,"url":"https:\/\/lavendi.xyz\/zazil\/wp-content\/uploads\/2024\/10\/pavo-real-cama-lista-1.webp","type":"image\/webp"}],"twitter_card":"summary_large_image","twitter_misc":{"Tiempo de lectura":"1 minuto"},"schema":{"@context":"https:\/\/schema.org","@graph":[{"@type":"WebPage","@id":"https:\/\/lavendi.xyz\/zazil\/reservaciones\/noche-maya-en-xibalba\/","url":"https:\/\/lavendi.xyz\/zazil\/reservaciones\/noche-maya-en-xibalba\/","name":"Caba\u00f1a Maya en Xibalb\u00e1 - Zazil Tunich - Cenote mas Premiado de Yucat\u00e1n","isPartOf":{"@id":"https:\/\/lavendi.xyz\/zazil\/#website"},"primaryImageOfPage":{"@id":"https:\/\/lavendi.xyz\/zazil\/reservaciones\/noche-maya-en-xibalba\/#primaryimage"},"image":{"@id":"https:\/\/lavendi.xyz\/zazil\/reservaciones\/noche-maya-en-xibalba\/#primaryimage"},"thumbnailUrl":"https:\/\/lavendi.xyz\/zazil\/wp-content\/uploads\/2024\/10\/pavo-real-cama-lista-1.webp","datePublished":"2020-12-20T11:15:34+00:00","dateModified":"2025-08-05T02:12:09+00:00","breadcrumb":{"@id":"https:\/\/lavendi.xyz\/zazil\/reservaciones\/noche-maya-en-xibalba\/#breadcrumb"},"inLanguage":"es","potentialAction":[{"@type":"ReadAction","target":["https:\/\/lavendi.xyz\/zazil\/reservaciones\/noche-maya-en-xibalba\/"]}]},{"@type":"ImageObject","inLanguage":"es","@id":"https:\/\/lavendi.xyz\/zazil\/reservaciones\/noche-maya-en-xibalba\/#primaryimage","url":"https:\/\/lavendi.xyz\/zazil\/wp-content\/uploads\/2024\/10\/pavo-real-cama-lista-1.webp","contentUrl":"https:\/\/lavendi.xyz\/zazil\/wp-content\/uploads\/2024\/10\/pavo-real-cama-lista-1.webp","width":800,"height":800,"caption":"Caba\u00f1a Maya en Xibalb\u00e1"},{"@type":"BreadcrumbList","@id":"https:\/\/lavendi.xyz\/zazil\/reservaciones\/noche-maya-en-xibalba\/#breadcrumb","itemListElement":[{"@type":"ListItem","position":1,"name":"Inicio","item":"https:\/\/lavendi.xyz\/zazil\/"},{"@type":"ListItem","position":2,"name":"Reservaciones","item":"https:\/\/lavendi.xyz\/zazil\/reservaciones\/"},{"@type":"ListItem","position":3,"name":"Caba\u00f1a Maya en Xibalb\u00e1"}]},{"@type":"WebSite","@id":"https:\/\/lavendi.xyz\/zazil\/#website","url":"https:\/\/lavendi.xyz\/zazil\/","name":"Zazil Tunich - Cenote mas Premiado de Yucat\u00e1n","description":"Cenote en Valladolid, Zazil Tunich el \u00fanico Cenote Museo de M\u00e9xico y m\u00e1s premiado de Yucat\u00e1n, donde conocer\u00e1s la estalactita mas grande de Yucatan, una experiencia \u00fanica sin turismo masivo.","publisher":{"@id":"https:\/\/lavendi.xyz\/zazil\/#organization"},"potentialAction":[{"@type":"SearchAction","target":{"@type":"EntryPoint","urlTemplate":"https:\/\/lavendi.xyz\/zazil\/?s={search_term_string}"},"query-input":{"@type":"PropertyValueSpecification","valueRequired":true,"valueName":"search_term_string"}}],"inLanguage":"es"},{"@type":"Organization","@id":"https:\/\/lavendi.xyz\/zazil\/#organization","name":"Zazil Tunich - Cenote mas Premiado de Yucat\u00e1n","url":"https:\/\/lavendi.xyz\/zazil\/","logo":{"@type":"ImageObject","inLanguage":"es","@id":"https:\/\/lavendi.xyz\/zazil\/#\/schema\/logo\/image\/","url":"https:\/\/lavendi.xyz\/zazil\/wp-content\/uploads\/2024\/10\/2.png","contentUrl":"https:\/\/lavendi.xyz\/zazil\/wp-content\/uploads\/2024\/10\/2.png","width":4000,"height":4000,"caption":"Zazil Tunich - Cenote mas Premiado de Yucat\u00e1n"},"image":{"@id":"https:\/\/lavendi.xyz\/zazil\/#\/schema\/logo\/image\/"}}]}},"taxonomy_info":{"product_cat":[{"value":138,"label":"hospedaje"}]},"featured_image_src_large":["https:\/\/lavendi.xyz\/zazil\/wp-content\/uploads\/2024\/10\/pavo-real-cama-lista-1.webp",800,800,false],"author_info":[],"comment_info":0,"_links":{"self":[{"href":"https:\/\/lavendi.xyz\/zazil\/wp-json\/wp\/v2\/product\/23055"}],"collection":[{"href":"https:\/\/lavendi.xyz\/zazil\/wp-json\/wp\/v2\/product"}],"about":[{"href":"https:\/\/lavendi.xyz\/zazil\/wp-json\/wp\/v2\/types\/product"}],"replies":[{"embeddable":true,"href":"https:\/\/lavendi.xyz\/zazil\/wp-json\/wp\/v2\/comments?post=23055"}],"wp:featuredmedia":[{"embeddable":true,"href":"https:\/\/lavendi.xyz\/zazil\/wp-json\/wp\/v2\/media\/23056"}],"wp:attachment":[{"href":"https:\/\/lavendi.xyz\/zazil\/wp-json\/wp\/v2\/media?parent=23055"}],"wp:term":[{"taxonomy":"product_brand","embeddable":true,"href":"https:\/\/lavendi.xyz\/zazil\/wp-json\/wp\/v2\/product_brand?post=23055"},{"taxonomy":"product_cat","embeddable":true,"href":"https:\/\/lavendi.xyz\/zazil\/wp-json\/wp\/v2\/product_cat?post=23055"},{"taxonomy":"product_tag","embeddable":true,"href":"https:\/\/lavendi.xyz\/zazil\/wp-json\/wp\/v2\/product_tag?post=23055"}],"curies":[{"name":"wp","href":"https:\/\/api.w.org\/{rel}","templated":true}]}}