{"id":39823,"date":"2025-01-12T11:37:27","date_gmt":"2025-01-12T16:37:27","guid":{"rendered":"https:\/\/lavendi.xyz\/zazil\/?post_type=product&#038;p=39823"},"modified":"2025-07-22T11:43:48","modified_gmt":"2025-07-22T17:43:48","slug":"pedida-de-mano-1","status":"publish","type":"product","link":"https:\/\/lavendi.xyz\/zazil\/reservaciones\/pedida-de-mano-1\/","title":{"rendered":"Sesi\u00f3n de fotos privada en cenote"},"content":{"rendered":"<p data-start=\"632\" data-end=\"741\"><em data-start=\"632\" data-end=\"739\">Hay momentos que se quedan para siempre. Y pedirle matrimonio a la persona que amas&#8230; es uno de ellos.\u201d<\/em><\/p>\n<p data-start=\"749\" data-end=\"895\"><em data-start=\"749\" data-end=\"893\">Pero, \u00bfd\u00f3nde lo haces? \u00bfEn un restaurante? \u00bfEn un viaje? Est\u00e1 bien\u2026 pero si lo que quieres es que <strong data-start=\"848\" data-end=\"877\">sea inolvidable de verdad<\/strong>, escucha esto.<\/em><\/p>\n<p data-start=\"903\" data-end=\"1062\"><em data-start=\"903\" data-end=\"1060\">Imagina un cenote cerrado solo para ustedes dos. Ni un turista. Solo ustedes, el agua clara, el eco suave del lugar, la luz natural bajando desde arriba&#8230;<\/em><\/p>\n<p data-start=\"1070\" data-end=\"1182\"><em data-start=\"1070\" data-end=\"1180\">Tienes dos horas privadas ah\u00ed. Dos horas donde todo se detiene. Donde todo se siente m\u00e1s profundo. M\u00e1s real.<\/em><\/p>\n<p data-start=\"1190\" data-end=\"1342\"><em data-start=\"1190\" data-end=\"1340\">Y mientras t\u00fa le das el anillo&#8230; alguien est\u00e1 capturando cada momento con fotos profesionales. Todo est\u00e1 listo. No tienes que preocuparte por nada.<\/em><\/p>\n<p data-start=\"1350\" data-end=\"1465\"><em data-start=\"1350\" data-end=\"1463\">Muchos vienen a Yucat\u00e1n buscando magia. Pero pocos saben que <strong data-start=\"1412\" data-end=\"1461\">la verdadera magia est\u00e1 abajo, en lo profundo<\/strong>.<\/em><\/p>\n<p data-start=\"1473\" data-end=\"1560\"><em data-start=\"1473\" data-end=\"1558\">Si t\u00fa tambi\u00e9n sientes que ese momento merece algo especial\u2026 este lugar puede serlo.<\/em><\/p>\n<p data-start=\"1568\" data-end=\"1631\"><em data-start=\"1568\" data-end=\"1631\">\u00bfTe imaginas su cara cuando vea todo esto solo para ustedes?<\/em><\/p>\n","protected":false},"excerpt":{"rendered":"<p>Vive una pedida de mano con tu sesi\u00f3n de fotos en privado dentro del cenote museo de Zazil Tunich, el fot\u00f3grafo te acompa\u00f1ara en tu descenso capturando cada momento \u00fanico, te entregara de 45 a 60 fotos en alta calidad editadas.<\/p>\n","protected":false},"featured_media":39845,"comment_status":"closed","ping_status":"closed","template":"","meta":{"_kad_blocks_custom_css":"","_kad_blocks_head_custom_js":"","_kad_blocks_body_custom_js":"","_kad_blocks_footer_custom_js":"","_joinchat":[]},"product_brand":[],"product_cat":[139],"product_tag":[],"class_list":{"0":"post-39823","1":"product","2":"type-product","3":"status-publish","4":"has-post-thumbnail","6":"product_cat-pedida-de-mano","8":"first","9":"instock","10":"virtual","11":"sold-individually","12":"taxable","13":"purchasable","14":"product-type-booking"},"yoast_head":"<!-- This site is optimized with the Yoast SEO Premium plugin v22.8 (Yoast SEO v25.6) - https:\/\/yoast.com\/wordpress\/plugins\/seo\/ -->\n<title>Sesi\u00f3n de fotos privada en cenote - Zazil Tunich - Cenote mas Premiado de Yucat\u00e1n<\/title>\n<meta name=\"robots\" content=\"index, follow, max-snippet:-1, max-image-preview:large, max-video-preview:-1\" \/>\n<link rel=\"canonical\" href=\"https:\/\/lavendi.xyz\/zazil\/reservaciones\/pedida-de-mano-1\/\" \/>\n<meta property=\"og:locale\" content=\"es_MX\" \/>\n<meta property=\"og:type\" content=\"article\" \/>\n<meta property=\"og:title\" content=\"Sesi\u00f3n de fotos privada en cenote\" \/>\n<meta property=\"og:description\" content=\"Vive una pedida de mano con tu sesi\u00f3n de fotos en privado dentro del cenote museo de Zazil Tunich, el fot\u00f3grafo te acompa\u00f1ara en tu descenso capturando cada momento \u00fanico, te entregara de 45 a 60 fotos en alta calidad editadas.\" \/>\n<meta property=\"og:url\" content=\"https:\/\/lavendi.xyz\/zazil\/reservaciones\/pedida-de-mano-1\/\" \/>\n<meta property=\"og:site_name\" content=\"Zazil Tunich - Cenote mas Premiado de Yucat\u00e1n\" \/>\n<meta property=\"article:modified_time\" content=\"2025-07-22T17:43:48+00:00\" \/>\n<meta property=\"og:image\" content=\"https:\/\/lavendi.xyz\/zazil\/wp-content\/uploads\/2025\/01\/pedida23-908x1024.png\" \/>\n\t<meta property=\"og:image:width\" content=\"908\" \/>\n\t<meta property=\"og:image:height\" content=\"1024\" \/>\n\t<meta property=\"og:image:type\" content=\"image\/png\" \/>\n<meta name=\"twitter:card\" content=\"summary_large_image\" \/>\n<meta name=\"twitter:label1\" content=\"Tiempo de lectura\" \/>\n\t<meta name=\"twitter:data1\" content=\"1 minuto\" \/>\n<script type=\"application\/ld+json\" class=\"yoast-schema-graph\">{\"@context\":\"https:\/\/schema.org\",\"@graph\":[{\"@type\":\"WebPage\",\"@id\":\"https:\/\/lavendi.xyz\/zazil\/reservaciones\/pedida-de-mano-1\/\",\"url\":\"https:\/\/lavendi.xyz\/zazil\/reservaciones\/pedida-de-mano-1\/\",\"name\":\"Sesi\u00f3n de fotos privada en cenote - Zazil Tunich - Cenote mas Premiado de Yucat\u00e1n\",\"isPartOf\":{\"@id\":\"https:\/\/lavendi.xyz\/zazil\/#website\"},\"primaryImageOfPage\":{\"@id\":\"https:\/\/lavendi.xyz\/zazil\/reservaciones\/pedida-de-mano-1\/#primaryimage\"},\"image\":{\"@id\":\"https:\/\/lavendi.xyz\/zazil\/reservaciones\/pedida-de-mano-1\/#primaryimage\"},\"thumbnailUrl\":\"https:\/\/lavendi.xyz\/zazil\/wp-content\/uploads\/2025\/01\/pedida23.png\",\"datePublished\":\"2025-01-12T16:37:27+00:00\",\"dateModified\":\"2025-07-22T17:43:48+00:00\",\"breadcrumb\":{\"@id\":\"https:\/\/lavendi.xyz\/zazil\/reservaciones\/pedida-de-mano-1\/#breadcrumb\"},\"inLanguage\":\"es\",\"potentialAction\":[{\"@type\":\"ReadAction\",\"target\":[\"https:\/\/lavendi.xyz\/zazil\/reservaciones\/pedida-de-mano-1\/\"]}]},{\"@type\":\"ImageObject\",\"inLanguage\":\"es\",\"@id\":\"https:\/\/lavendi.xyz\/zazil\/reservaciones\/pedida-de-mano-1\/#primaryimage\",\"url\":\"https:\/\/lavendi.xyz\/zazil\/wp-content\/uploads\/2025\/01\/pedida23.png\",\"contentUrl\":\"https:\/\/lavendi.xyz\/zazil\/wp-content\/uploads\/2025\/01\/pedida23.png\",\"width\":1596,\"height\":1800},{\"@type\":\"BreadcrumbList\",\"@id\":\"https:\/\/lavendi.xyz\/zazil\/reservaciones\/pedida-de-mano-1\/#breadcrumb\",\"itemListElement\":[{\"@type\":\"ListItem\",\"position\":1,\"name\":\"Inicio\",\"item\":\"https:\/\/lavendi.xyz\/zazil\/\"},{\"@type\":\"ListItem\",\"position\":2,\"name\":\"Reservaciones\",\"item\":\"https:\/\/lavendi.xyz\/zazil\/reservaciones\/\"},{\"@type\":\"ListItem\",\"position\":3,\"name\":\"Sesi\u00f3n de fotos privada en cenote\"}]},{\"@type\":\"WebSite\",\"@id\":\"https:\/\/lavendi.xyz\/zazil\/#website\",\"url\":\"https:\/\/lavendi.xyz\/zazil\/\",\"name\":\"Zazil Tunich - Cenote mas Premiado de Yucat\u00e1n\",\"description\":\"Cenote en Valladolid, Zazil Tunich el \u00fanico Cenote Museo de M\u00e9xico y m\u00e1s premiado de Yucat\u00e1n, donde conocer\u00e1s la estalactita mas grande de Yucatan, una experiencia \u00fanica sin turismo masivo.\",\"publisher\":{\"@id\":\"https:\/\/lavendi.xyz\/zazil\/#organization\"},\"potentialAction\":[{\"@type\":\"SearchAction\",\"target\":{\"@type\":\"EntryPoint\",\"urlTemplate\":\"https:\/\/lavendi.xyz\/zazil\/?s={search_term_string}\"},\"query-input\":{\"@type\":\"PropertyValueSpecification\",\"valueRequired\":true,\"valueName\":\"search_term_string\"}}],\"inLanguage\":\"es\"},{\"@type\":\"Organization\",\"@id\":\"https:\/\/lavendi.xyz\/zazil\/#organization\",\"name\":\"Zazil Tunich - Cenote mas Premiado de Yucat\u00e1n\",\"url\":\"https:\/\/lavendi.xyz\/zazil\/\",\"logo\":{\"@type\":\"ImageObject\",\"inLanguage\":\"es\",\"@id\":\"https:\/\/lavendi.xyz\/zazil\/#\/schema\/logo\/image\/\",\"url\":\"https:\/\/lavendi.xyz\/zazil\/wp-content\/uploads\/2024\/10\/2.png\",\"contentUrl\":\"https:\/\/lavendi.xyz\/zazil\/wp-content\/uploads\/2024\/10\/2.png\",\"width\":4000,\"height\":4000,\"caption\":\"Zazil Tunich - Cenote mas Premiado de Yucat\u00e1n\"},\"image\":{\"@id\":\"https:\/\/lavendi.xyz\/zazil\/#\/schema\/logo\/image\/\"}}]}<\/script>\n<!-- \/ Yoast SEO Premium plugin. -->","yoast_head_json":{"title":"Sesi\u00f3n de fotos privada en cenote - Zazil Tunich - Cenote mas Premiado de Yucat\u00e1n","robots":{"index":"index","follow":"follow","max-snippet":"max-snippet:-1","max-image-preview":"max-image-preview:large","max-video-preview":"max-video-preview:-1"},"canonical":"https:\/\/lavendi.xyz\/zazil\/reservaciones\/pedida-de-mano-1\/","og_locale":"es_MX","og_type":"article","og_title":"Sesi\u00f3n de fotos privada en cenote","og_description":"Vive una pedida de mano con tu sesi\u00f3n de fotos en privado dentro del cenote museo de Zazil Tunich, el fot\u00f3grafo te acompa\u00f1ara en tu descenso capturando cada momento \u00fanico, te entregara de 45 a 60 fotos en alta calidad editadas.","og_url":"https:\/\/lavendi.xyz\/zazil\/reservaciones\/pedida-de-mano-1\/","og_site_name":"Zazil Tunich - Cenote mas Premiado de Yucat\u00e1n","article_modified_time":"2025-07-22T17:43:48+00:00","og_image":[{"width":908,"height":1024,"url":"https:\/\/lavendi.xyz\/zazil\/wp-content\/uploads\/2025\/01\/pedida23-908x1024.png","type":"image\/png"}],"twitter_card":"summary_large_image","twitter_misc":{"Tiempo de lectura":"1 minuto"},"schema":{"@context":"https:\/\/schema.org","@graph":[{"@type":"WebPage","@id":"https:\/\/lavendi.xyz\/zazil\/reservaciones\/pedida-de-mano-1\/","url":"https:\/\/lavendi.xyz\/zazil\/reservaciones\/pedida-de-mano-1\/","name":"Sesi\u00f3n de fotos privada en cenote - Zazil Tunich - Cenote mas Premiado de Yucat\u00e1n","isPartOf":{"@id":"https:\/\/lavendi.xyz\/zazil\/#website"},"primaryImageOfPage":{"@id":"https:\/\/lavendi.xyz\/zazil\/reservaciones\/pedida-de-mano-1\/#primaryimage"},"image":{"@id":"https:\/\/lavendi.xyz\/zazil\/reservaciones\/pedida-de-mano-1\/#primaryimage"},"thumbnailUrl":"https:\/\/lavendi.xyz\/zazil\/wp-content\/uploads\/2025\/01\/pedida23.png","datePublished":"2025-01-12T16:37:27+00:00","dateModified":"2025-07-22T17:43:48+00:00","breadcrumb":{"@id":"https:\/\/lavendi.xyz\/zazil\/reservaciones\/pedida-de-mano-1\/#breadcrumb"},"inLanguage":"es","potentialAction":[{"@type":"ReadAction","target":["https:\/\/lavendi.xyz\/zazil\/reservaciones\/pedida-de-mano-1\/"]}]},{"@type":"ImageObject","inLanguage":"es","@id":"https:\/\/lavendi.xyz\/zazil\/reservaciones\/pedida-de-mano-1\/#primaryimage","url":"https:\/\/lavendi.xyz\/zazil\/wp-content\/uploads\/2025\/01\/pedida23.png","contentUrl":"https:\/\/lavendi.xyz\/zazil\/wp-content\/uploads\/2025\/01\/pedida23.png","width":1596,"height":1800},{"@type":"BreadcrumbList","@id":"https:\/\/lavendi.xyz\/zazil\/reservaciones\/pedida-de-mano-1\/#breadcrumb","itemListElement":[{"@type":"ListItem","position":1,"name":"Inicio","item":"https:\/\/lavendi.xyz\/zazil\/"},{"@type":"ListItem","position":2,"name":"Reservaciones","item":"https:\/\/lavendi.xyz\/zazil\/reservaciones\/"},{"@type":"ListItem","position":3,"name":"Sesi\u00f3n de fotos privada en cenote"}]},{"@type":"WebSite","@id":"https:\/\/lavendi.xyz\/zazil\/#website","url":"https:\/\/lavendi.xyz\/zazil\/","name":"Zazil Tunich - Cenote mas Premiado de Yucat\u00e1n","description":"Cenote en Valladolid, Zazil Tunich el \u00fanico Cenote Museo de M\u00e9xico y m\u00e1s premiado de Yucat\u00e1n, donde conocer\u00e1s la estalactita mas grande de Yucatan, una experiencia \u00fanica sin turismo masivo.","publisher":{"@id":"https:\/\/lavendi.xyz\/zazil\/#organization"},"potentialAction":[{"@type":"SearchAction","target":{"@type":"EntryPoint","urlTemplate":"https:\/\/lavendi.xyz\/zazil\/?s={search_term_string}"},"query-input":{"@type":"PropertyValueSpecification","valueRequired":true,"valueName":"search_term_string"}}],"inLanguage":"es"},{"@type":"Organization","@id":"https:\/\/lavendi.xyz\/zazil\/#organization","name":"Zazil Tunich - Cenote mas Premiado de Yucat\u00e1n","url":"https:\/\/lavendi.xyz\/zazil\/","logo":{"@type":"ImageObject","inLanguage":"es","@id":"https:\/\/lavendi.xyz\/zazil\/#\/schema\/logo\/image\/","url":"https:\/\/lavendi.xyz\/zazil\/wp-content\/uploads\/2024\/10\/2.png","contentUrl":"https:\/\/lavendi.xyz\/zazil\/wp-content\/uploads\/2024\/10\/2.png","width":4000,"height":4000,"caption":"Zazil Tunich - Cenote mas Premiado de Yucat\u00e1n"},"image":{"@id":"https:\/\/lavendi.xyz\/zazil\/#\/schema\/logo\/image\/"}}]}},"taxonomy_info":{"product_cat":[{"value":139,"label":"Pedida de mano"}]},"featured_image_src_large":["https:\/\/lavendi.xyz\/zazil\/wp-content\/uploads\/2025\/01\/pedida23-908x1024.png",800,902,true],"author_info":[],"comment_info":0,"_links":{"self":[{"href":"https:\/\/lavendi.xyz\/zazil\/wp-json\/wp\/v2\/product\/39823"}],"collection":[{"href":"https:\/\/lavendi.xyz\/zazil\/wp-json\/wp\/v2\/product"}],"about":[{"href":"https:\/\/lavendi.xyz\/zazil\/wp-json\/wp\/v2\/types\/product"}],"replies":[{"embeddable":true,"href":"https:\/\/lavendi.xyz\/zazil\/wp-json\/wp\/v2\/comments?post=39823"}],"wp:featuredmedia":[{"embeddable":true,"href":"https:\/\/lavendi.xyz\/zazil\/wp-json\/wp\/v2\/media\/39845"}],"wp:attachment":[{"href":"https:\/\/lavendi.xyz\/zazil\/wp-json\/wp\/v2\/media?parent=39823"}],"wp:term":[{"taxonomy":"product_brand","embeddable":true,"href":"https:\/\/lavendi.xyz\/zazil\/wp-json\/wp\/v2\/product_brand?post=39823"},{"taxonomy":"product_cat","embeddable":true,"href":"https:\/\/lavendi.xyz\/zazil\/wp-json\/wp\/v2\/product_cat?post=39823"},{"taxonomy":"product_tag","embeddable":true,"href":"https:\/\/lavendi.xyz\/zazil\/wp-json\/wp\/v2\/product_tag?post=39823"}],"curies":[{"name":"wp","href":"https:\/\/api.w.org\/{rel}","templated":true}]}}